{"id":1515,"date":"2025-01-06T21:31:25","date_gmt":"2025-01-06T21:31:25","guid":{"rendered":"https:\/\/digitalellipse.net\/?page_id=1515"},"modified":"2025-01-06T21:35:11","modified_gmt":"2025-01-06T21:35:11","slug":"blog","status":"publish","type":"page","link":"https:\/\/digitallaunch-llc.com\/en\/blog\/","title":{"rendered":"Blog"},"content":{"rendered":"<div data-elementor-type=\"wp-page\" data-elementor-id=\"1515\" class=\"elementor elementor-1515\" data-elementor-post-type=\"page\">\n\t\t\t\t<div class=\"elementor-element elementor-element-13b97bb e-flex e-con-boxed e-con e-parent\" data-id=\"13b97bb\" data-element_type=\"container\">\n\t\t\t\t\t<div class=\"e-con-inner\">\n\t\t\t\t<div class=\"elementor-element elementor-element-cbf5c54 elementor-widget elementor-widget-heading\" data-id=\"cbf5c54\" data-element_type=\"widget\" data-widget_type=\"heading.default\">\n\t\t\t\t\t<h1 class=\"elementor-heading-title elementor-size-default\">Articles de Blog<\/h1>\t\t\t\t<\/div>\n\t\t\t\t<div class=\"elementor-element elementor-element-05b567b elementor-grid-3 elementor-grid-tablet-2 elementor-grid-mobile-1 elementor-posts--thumbnail-top elementor-widget elementor-widget-posts\" data-id=\"05b567b\" data-element_type=\"widget\" data-settings=\"{&quot;classic_columns&quot;:&quot;3&quot;,&quot;classic_columns_tablet&quot;:&quot;2&quot;,&quot;classic_columns_mobile&quot;:&quot;1&quot;,&quot;classic_row_gap&quot;:{&quot;unit&quot;:&quot;px&quot;,&quot;size&quot;:35,&quot;sizes&quot;:[]},&quot;classic_row_gap_tablet&quot;:{&quot;unit&quot;:&quot;px&quot;,&quot;size&quot;:&quot;&quot;,&quot;sizes&quot;:[]},&quot;classic_row_gap_mobile&quot;:{&quot;unit&quot;:&quot;px&quot;,&quot;size&quot;:&quot;&quot;,&quot;sizes&quot;:[]}}\" data-widget_type=\"posts.classic\">\n\t\t\t\t<div class=\"elementor-widget-container\">\n\t\t\t\t\t\t\t<div class=\"elementor-posts-container elementor-posts elementor-posts--skin-classic elementor-grid\" role=\"list\">\r\n\t\t\t\t<article class=\"elementor-post elementor-grid-item post-1801 post type-post status-publish format-standard has-post-thumbnail hentry category-uncategorized\" role=\"listitem\">\r\n\t\t\t\t<a class=\"elementor-post__thumbnail__link\" href=\"https:\/\/digitallaunch-llc.com\/en\/2025\/03\/13\/comment-doubler-votre-chiffre-daffaire-en-tant-que-demenageur\/\" tabindex=\"-1\" target=\"&quot;_blank&quot;\">\r\n\t\t\t<div class=\"elementor-post__thumbnail\"><img fetchpriority=\"high\" decoding=\"async\" width=\"2560\" height=\"2560\" src=\"https:\/\/digitallaunch-llc.com\/wp-content\/uploads\/2025\/03\/person-their-job-position-scaled.webp\" class=\"attachment-full size-full wp-image-1804\" alt=\"\" srcset=\"https:\/\/digitallaunch-llc.com\/wp-content\/uploads\/2025\/03\/person-their-job-position-scaled.webp 2560w, https:\/\/digitallaunch-llc.com\/wp-content\/uploads\/2025\/03\/person-their-job-position-300x300.webp 300w, https:\/\/digitallaunch-llc.com\/wp-content\/uploads\/2025\/03\/person-their-job-position-1024x1024.webp 1024w, https:\/\/digitallaunch-llc.com\/wp-content\/uploads\/2025\/03\/person-their-job-position-150x150.webp 150w, https:\/\/digitallaunch-llc.com\/wp-content\/uploads\/2025\/03\/person-their-job-position-768x768.webp 768w, https:\/\/digitallaunch-llc.com\/wp-content\/uploads\/2025\/03\/person-their-job-position-1536x1536.webp 1536w, https:\/\/digitallaunch-llc.com\/wp-content\/uploads\/2025\/03\/person-their-job-position-2048x2048.webp 2048w, https:\/\/digitallaunch-llc.com\/wp-content\/uploads\/2025\/03\/person-their-job-position-12x12.webp 12w, https:\/\/digitallaunch-llc.com\/wp-content\/uploads\/2025\/03\/person-their-job-position-650x650.webp 650w, https:\/\/digitallaunch-llc.com\/wp-content\/uploads\/2025\/03\/person-their-job-position-1300x1300.webp 1300w\" sizes=\"(max-width: 2560px) 100vw, 2560px\" \/><\/div>\r\n\t\t<\/a>\r\n\t\t\t\t<div class=\"elementor-post__text\">\r\n\t\t\t\t<h3 class=\"elementor-post__title\">\r\n\t\t\t<a href=\"https:\/\/digitallaunch-llc.com\/en\/2025\/03\/13\/comment-doubler-votre-chiffre-daffaire-en-tant-que-demenageur\/\" target=\"&quot;_blank&quot;\">\r\n\t\t\t\tComment doubler votre chiffre d\u2019affaire en tant que d\u00e9m\u00e9nageur ?\t\t\t<\/a>\r\n\t\t<\/h3>\r\n\t\t\t\t<div class=\"elementor-post__meta-data\">\r\n\t\t\t\t\t<span class=\"elementor-post-date\">\r\n\t\t\t13\/03\/2025\t\t<\/span>\r\n\t\t\t\t<span class=\"elementor-post-avatar\">\r\n\t\t\tNo Comments\t\t<\/span>\r\n\t\t\t\t<\/div>\r\n\t\t\t\t<div class=\"elementor-post__excerpt\">\r\n\t\t\t<p>\u00c0 l&rsquo;\u00e8re num\u00e9rique, la majorit\u00e9 du chiffre d&rsquo;affaires des entreprises de d\u00e9m\u00e9nagement provient d&rsquo;Internet. Les clients potentiels vous trouvent et vous contactent principalement via votre<\/p>\n\t\t<\/div>\r\n\t\t\t\t\t<div class=\"elementor-post__read-more-wrapper\">\r\n\t\t\r\n\t\t<a class=\"elementor-post__read-more\" href=\"https:\/\/digitallaunch-llc.com\/en\/2025\/03\/13\/comment-doubler-votre-chiffre-daffaire-en-tant-que-demenageur\/\" aria-label=\"Read more about Comment doubler votre chiffre d\u2019affaire en tant que d\u00e9m\u00e9nageur ?\" tabindex=\"-1\" target=\"_blank\">\r\n\t\t\tLire plus \u00bb\t\t<\/a>\r\n\r\n\t\t\t\t\t<\/div>\r\n\t\t\t\t<\/div>\r\n\t\t\t\t<\/article>\r\n\t\t\t\t<article class=\"elementor-post elementor-grid-item post-1513 post type-post status-publish format-standard has-post-thumbnail hentry category-uncategorized\" role=\"listitem\">\r\n\t\t\t\t<a class=\"elementor-post__thumbnail__link\" href=\"https:\/\/digitallaunch-llc.com\/en\/2025\/01\/06\/processus-a-suivre-lors-de-la-conception-dun-site-web\/\" tabindex=\"-1\" target=\"&quot;_blank&quot;\">\r\n\t\t\t<div class=\"elementor-post__thumbnail\"><img decoding=\"async\" width=\"1200\" height=\"646\" src=\"https:\/\/digitallaunch-llc.com\/wp-content\/uploads\/2024\/07\/refix-dz.com_.webp\" class=\"attachment-full size-full wp-image-1230\" alt=\"On design des sites Web beaux et rentables\" srcset=\"https:\/\/digitallaunch-llc.com\/wp-content\/uploads\/2024\/07\/refix-dz.com_.webp 1200w, https:\/\/digitallaunch-llc.com\/wp-content\/uploads\/2024\/07\/refix-dz.com_-300x162.webp 300w, https:\/\/digitallaunch-llc.com\/wp-content\/uploads\/2024\/07\/refix-dz.com_-1024x551.webp 1024w, https:\/\/digitallaunch-llc.com\/wp-content\/uploads\/2024\/07\/refix-dz.com_-768x413.webp 768w, https:\/\/digitallaunch-llc.com\/wp-content\/uploads\/2024\/07\/refix-dz.com_-18x10.webp 18w, https:\/\/digitallaunch-llc.com\/wp-content\/uploads\/2024\/07\/refix-dz.com_-600x323.webp 600w\" sizes=\"(max-width: 1200px) 100vw, 1200px\" \/><\/div>\r\n\t\t<\/a>\r\n\t\t\t\t<div class=\"elementor-post__text\">\r\n\t\t\t\t<h3 class=\"elementor-post__title\">\r\n\t\t\t<a href=\"https:\/\/digitallaunch-llc.com\/en\/2025\/01\/06\/processus-a-suivre-lors-de-la-conception-dun-site-web\/\" target=\"&quot;_blank&quot;\">\r\n\t\t\t\tProcessus \u00e0 suivre lors de la Conception d&rsquo;un site Web\t\t\t<\/a>\r\n\t\t<\/h3>\r\n\t\t\t\t<div class=\"elementor-post__meta-data\">\r\n\t\t\t\t\t<span class=\"elementor-post-date\">\r\n\t\t\t06\/01\/2025\t\t<\/span>\r\n\t\t\t\t<span class=\"elementor-post-avatar\">\r\n\t\t\tNo Comments\t\t<\/span>\r\n\t\t\t\t<\/div>\r\n\t\t\t\t<div class=\"elementor-post__excerpt\">\r\n\t\t\t<p>T\u2019as peut \u00eatre essay\u00e9 de faire un site Web mais un peu \u00e0 l\u2019impro, donc \u00e7a te stresse quand tu commence ce nouveau projet\u2026 et<\/p>\n\t\t<\/div>\r\n\t\t\t\t\t<div class=\"elementor-post__read-more-wrapper\">\r\n\t\t\r\n\t\t<a class=\"elementor-post__read-more\" href=\"https:\/\/digitallaunch-llc.com\/en\/2025\/01\/06\/processus-a-suivre-lors-de-la-conception-dun-site-web\/\" aria-label=\"Read more about Processus \u00e0 suivre lors de la Conception d&rsquo;un site Web\" tabindex=\"-1\" target=\"_blank\">\r\n\t\t\tLire plus \u00bb\t\t<\/a>\r\n\r\n\t\t\t\t\t<\/div>\r\n\t\t\t\t<\/div>\r\n\t\t\t\t<\/article>\r\n\t\t\t\t<article class=\"elementor-post elementor-grid-item post-74 post type-post status-publish format-standard has-post-thumbnail hentry category-non-classe\" role=\"listitem\">\r\n\t\t\t\t<a class=\"elementor-post__thumbnail__link\" href=\"https:\/\/digitallaunch-llc.com\/en\/2023\/07\/27\/comment-determiner-le-prix-dun-site-web-en-algerie\/\" tabindex=\"-1\" target=\"&quot;_blank&quot;\">\r\n\t\t\t<div class=\"elementor-post__thumbnail\"><img decoding=\"async\" width=\"768\" height=\"1152\" src=\"https:\/\/digitallaunch-llc.com\/wp-content\/uploads\/2023\/07\/2585bd00-eb1e-4b19-9efb-30a8eae0f82b.webp\" class=\"attachment-full size-full wp-image-77\" alt=\"Digital Ellipse\" srcset=\"https:\/\/digitallaunch-llc.com\/wp-content\/uploads\/2023\/07\/2585bd00-eb1e-4b19-9efb-30a8eae0f82b.webp 768w, https:\/\/digitallaunch-llc.com\/wp-content\/uploads\/2023\/07\/2585bd00-eb1e-4b19-9efb-30a8eae0f82b-530x795.webp 530w, https:\/\/digitallaunch-llc.com\/wp-content\/uploads\/2023\/07\/2585bd00-eb1e-4b19-9efb-30a8eae0f82b-200x300.webp 200w, https:\/\/digitallaunch-llc.com\/wp-content\/uploads\/2023\/07\/2585bd00-eb1e-4b19-9efb-30a8eae0f82b-683x1024.webp 683w\" sizes=\"(max-width: 768px) 100vw, 768px\" \/><\/div>\r\n\t\t<\/a>\r\n\t\t\t\t<div class=\"elementor-post__text\">\r\n\t\t\t\t<h3 class=\"elementor-post__title\">\r\n\t\t\t<a href=\"https:\/\/digitallaunch-llc.com\/en\/2023\/07\/27\/comment-determiner-le-prix-dun-site-web-en-algerie\/\" target=\"&quot;_blank&quot;\">\r\n\t\t\t\tComment d\u00e9terminer le prix d&rsquo;un site web en Alg\u00e9rie ?\t\t\t<\/a>\r\n\t\t<\/h3>\r\n\t\t\t\t<div class=\"elementor-post__meta-data\">\r\n\t\t\t\t\t<span class=\"elementor-post-date\">\r\n\t\t\t27\/07\/2023\t\t<\/span>\r\n\t\t\t\t<span class=\"elementor-post-avatar\">\r\n\t\t\tNo Comments\t\t<\/span>\r\n\t\t\t\t<\/div>\r\n\t\t\t\t<div class=\"elementor-post__excerpt\">\r\n\t\t\t<p>Lorsque vous envisagez de cr\u00e9er un site web pour votre entreprise ou votre projet, l&rsquo;une des premi\u00e8res questions qui se pose est celle du co\u00fbt.<\/p>\n\t\t<\/div>\r\n\t\t\t\t\t<div class=\"elementor-post__read-more-wrapper\">\r\n\t\t\r\n\t\t<a class=\"elementor-post__read-more\" href=\"https:\/\/digitallaunch-llc.com\/en\/2023\/07\/27\/comment-determiner-le-prix-dun-site-web-en-algerie\/\" aria-label=\"Read more about Comment d\u00e9terminer le prix d&rsquo;un site web en Alg\u00e9rie ?\" tabindex=\"-1\" target=\"_blank\">\r\n\t\t\tLire plus \u00bb\t\t<\/a>\r\n\r\n\t\t\t\t\t<\/div>\r\n\t\t\t\t<\/div>\r\n\t\t\t\t<\/article>\r\n\t\t\t\t<\/div>\r\n\t\t\r\n\t\t\t\t\t\t<\/div>\n\t\t\t\t<\/div>\n\t\t\t\t\t<\/div>\n\t\t\t\t<\/div>\n\t\t\t\t<\/div>","protected":false},"excerpt":{"rendered":"<p>Articles de Blog<\/p>","protected":false},"author":2,"featured_media":0,"parent":0,"menu_order":0,"comment_status":"closed","ping_status":"closed","template":"","meta":{"footnotes":""},"class_list":["post-1515","page","type-page","status-publish","hentry"],"_links":{"self":[{"href":"https:\/\/digitallaunch-llc.com\/en\/wp-json\/wp\/v2\/pages\/1515","targetHints":{"allow":["GET"]}}],"collection":[{"href":"https:\/\/digitallaunch-llc.com\/en\/wp-json\/wp\/v2\/pages"}],"about":[{"href":"https:\/\/digitallaunch-llc.com\/en\/wp-json\/wp\/v2\/types\/page"}],"author":[{"embeddable":true,"href":"https:\/\/digitallaunch-llc.com\/en\/wp-json\/wp\/v2\/users\/2"}],"replies":[{"embeddable":true,"href":"https:\/\/digitallaunch-llc.com\/en\/wp-json\/wp\/v2\/comments?post=1515"}],"version-history":[{"count":10,"href":"https:\/\/digitallaunch-llc.com\/en\/wp-json\/wp\/v2\/pages\/1515\/revisions"}],"predecessor-version":[{"id":1525,"href":"https:\/\/digitallaunch-llc.com\/en\/wp-json\/wp\/v2\/pages\/1515\/revisions\/1525"}],"wp:attachment":[{"href":"https:\/\/digitallaunch-llc.com\/en\/wp-json\/wp\/v2\/media?parent=1515"}],"curies":[{"name":"wp","href":"https:\/\/api.w.org\/{rel}","templated":true}]}}