{"id":332,"date":"2023-11-09T18:37:36","date_gmt":"2023-11-09T18:37:36","guid":{"rendered":"https:\/\/digitalellipse.net\/?page_id=332"},"modified":"2023-11-10T22:02:18","modified_gmt":"2023-11-10T22:02:18","slug":"les-retours","status":"publish","type":"page","link":"https:\/\/digitallaunch-llc.com\/en\/les-retours\/","title":{"rendered":"Les Retours"},"content":{"rendered":"<div data-elementor-type=\"wp-page\" data-elementor-id=\"332\" class=\"elementor elementor-332\" data-elementor-post-type=\"page\">\n\t\t\t\t<div class=\"elementor-element elementor-element-8a18207 e-flex e-con-boxed e-con e-parent\" data-id=\"8a18207\" data-element_type=\"container\">\n\t\t\t\t\t<div class=\"e-con-inner\">\n\t\t\t\t<div class=\"elementor-element elementor-element-08a59e2 elementor-widget__width-initial elementor-widget elementor-widget-html\" data-id=\"08a59e2\" data-element_type=\"widget\" data-widget_type=\"html.default\">\n\t\t\t\t\t<div class=\"reviewfunnel\">\r\n\r\n    <div class=\"firstbox\">\r\n        <p>Notre objectif est de continuer \u00e0 offrir un service de premier ordre dans les meilleures conditions et vos retours peuvent nous aider \u00e0 continuer dans cette voie.<\/p>\r\n        <h2>Dans quelle mesure \u00eates-vous satisfait de notre service ?<\/h2>\r\n\r\n        <div class=\"stars\">\r\n            <a><img decoding=\"async\" width=\"50px\" src=\"https:\/\/i.pinimg.com\/originals\/e8\/91\/66\/e891669c27c833ff0f2db2c083344117.png\" alt=\"\"><\/a>\r\n            <a><img decoding=\"async\" width=\"50px\" src=\"https:\/\/i.pinimg.com\/originals\/e8\/91\/66\/e891669c27c833ff0f2db2c083344117.png\" alt=\"\"><\/a>\r\n            <a><img decoding=\"async\" width=\"50px\" src=\"https:\/\/i.pinimg.com\/originals\/e8\/91\/66\/e891669c27c833ff0f2db2c083344117.png\" alt=\"\"><\/a>\r\n            <a><img decoding=\"async\" width=\"50px\" src=\"https:\/\/i.pinimg.com\/originals\/e8\/91\/66\/e891669c27c833ff0f2db2c083344117.png\" alt=\"\"><\/a>\r\n            <a><img decoding=\"async\" width=\"50px\" src=\"https:\/\/i.pinimg.com\/originals\/e8\/91\/66\/e891669c27c833ff0f2db2c083344117.png\" alt=\"\"><\/a>\r\n        <\/div>\r\n    <\/div>\r\n\r\n\r\n    <div class=\"positif\">\r\n        <div class=\"second\">\r\n        <p>Les retours positifs sont la meilleure chose qui puisse nous arriver !<\/p>\r\n        <h2>Nous serions heureux que vous nous notez !<\/h2>\r\n        <a class=\"btn\" target=\"_blank\" href=\"https:\/\/g.page\/r\/Cc8Fo3zQ5bl2EB0\/review\" rel=\"noopener noreferrer nofollow\">Une note sur Google<\/a>\r\n        ou\r\n        <a class=\"btn\" target=\"_blank\" href=\"https:\/\/www.facebook.com\/massiatmr\/\" rel=\"noopener noreferrer nofollow\">Commentez sur Facebook<\/a>\r\n    <\/div>\r\n    <\/div>\r\n\r\n    <div class=\"negatif\">\r\n        <div class=\"second\">\r\n        <h2>S'il vous pla\u00eet laissez-nous des informations sur ce qui \u00e9tait bon ou pas bon !<\/h2>\r\n        <form action=\"\" data-trp-original-action=\"\">\r\n            <label for=\"message\">Message<\/label>\r\n            <textarea name=\"message\" id=\"\" cols=\"60\" rows=\"10\"><\/textarea>\r\n            <input type=\"submit\" value=\"Send\">\r\n        <input type=\"hidden\" name=\"trp-form-language\" value=\"en\"\/><\/form>\r\n    <\/div>\r\n    <\/div>\r\n\r\n\r\n    <\/div>\r\n    \r\n    <script>\r\n    const stars = document.querySelectorAll(\".stars a\");\r\nconst firstbox = document.querySelector(\".firstbox\");\r\nconst positif = document.querySelector(\".positif\");\r\nconst negatif = document.querySelector(\".negatif\");\r\n        \r\n        stars.forEach((star, idx) => {\r\n            star.addEventListener(\"click\", () => {\r\n                if(idx>=3){\r\n                    positif.style.display = \"flex\";\r\n                }else{\r\n                    negatif.style.display = \"flex\";\r\n                }\r\n\r\n                console.log(idx+1);\r\n                console.log('\u00e9toile de index a \u00e9tait cliqu\u00e9');\r\n                firstbox.style.display = \"none\";\r\n                \r\n                \r\n            });\r\n        });\r\n    <\/script>\t\t\t\t<\/div>\n\t\t\t\t\t<\/div>\n\t\t\t\t<\/div>\n\t\t\t\t<\/div>","protected":false},"excerpt":{"rendered":"<p>Notre objectif est de continuer \u00e0 offrir un service de premier ordre dans les meilleures conditions et vos retours peuvent nous aider \u00e0 continuer dans cette voie. Dans quelle mesure \u00eates-vous satisfait de notre service ? Les retours positifs sont la meilleure chose qui puisse nous arriver ! Nous serions heureux que vous nous notez [&hellip;]<\/p>","protected":false},"author":2,"featured_media":0,"parent":0,"menu_order":0,"comment_status":"closed","ping_status":"closed","template":"","meta":{"footnotes":""},"class_list":["post-332","page","type-page","status-publish","hentry"],"_links":{"self":[{"href":"https:\/\/digitallaunch-llc.com\/en\/wp-json\/wp\/v2\/pages\/332","targetHints":{"allow":["GET"]}}],"collection":[{"href":"https:\/\/digitallaunch-llc.com\/en\/wp-json\/wp\/v2\/pages"}],"about":[{"href":"https:\/\/digitallaunch-llc.com\/en\/wp-json\/wp\/v2\/types\/page"}],"author":[{"embeddable":true,"href":"https:\/\/digitallaunch-llc.com\/en\/wp-json\/wp\/v2\/users\/2"}],"replies":[{"embeddable":true,"href":"https:\/\/digitallaunch-llc.com\/en\/wp-json\/wp\/v2\/comments?post=332"}],"version-history":[{"count":40,"href":"https:\/\/digitallaunch-llc.com\/en\/wp-json\/wp\/v2\/pages\/332\/revisions"}],"predecessor-version":[{"id":374,"href":"https:\/\/digitallaunch-llc.com\/en\/wp-json\/wp\/v2\/pages\/332\/revisions\/374"}],"wp:attachment":[{"href":"https:\/\/digitallaunch-llc.com\/en\/wp-json\/wp\/v2\/media?parent=332"}],"curies":[{"name":"wp","href":"https:\/\/api.w.org\/{rel}","templated":true}]}}