{"id":753,"date":"2024-01-26T09:49:48","date_gmt":"2024-01-26T09:49:48","guid":{"rendered":"https:\/\/digitalellipse.net\/?page_id=753"},"modified":"2024-01-26T10:08:46","modified_gmt":"2024-01-26T10:08:46","slug":"retours","status":"publish","type":"page","link":"https:\/\/digitallaunch-llc.com\/en\/retours\/","title":{"rendered":"Retours"},"content":{"rendered":"<div data-elementor-type=\"wp-page\" data-elementor-id=\"753\" class=\"elementor elementor-753\" data-elementor-post-type=\"page\">\n\t\t\t\t<div class=\"elementor-element elementor-element-08ec85d e-flex e-con-boxed e-con e-parent\" data-id=\"08ec85d\" data-element_type=\"container\">\n\t\t\t\t\t<div class=\"e-con-inner\">\n\t\t<div class=\"elementor-element elementor-element-c824b0a e-con-full e-flex e-con e-child\" data-id=\"c824b0a\" data-element_type=\"container\">\n\t\t\t\t<div class=\"elementor-element elementor-element-2fea0e8 elementor-widget elementor-widget-image\" data-id=\"2fea0e8\" data-element_type=\"widget\" data-widget_type=\"image.default\">\n\t\t\t\t\t\t\t\t\t\t\t\t\t\t\t<img fetchpriority=\"high\" decoding=\"async\" width=\"800\" height=\"354\" src=\"https:\/\/digitallaunch-llc.com\/wp-content\/uploads\/2024\/01\/image-1.webp\" class=\"attachment-large size-large wp-image-756\" alt=\"creation site web\" srcset=\"https:\/\/digitallaunch-llc.com\/wp-content\/uploads\/2024\/01\/image-1.webp 800w, https:\/\/digitallaunch-llc.com\/wp-content\/uploads\/2024\/01\/image-1-600x266.webp 600w, https:\/\/digitallaunch-llc.com\/wp-content\/uploads\/2024\/01\/image-1-300x133.webp 300w, https:\/\/digitallaunch-llc.com\/wp-content\/uploads\/2024\/01\/image-1-768x340.webp 768w\" sizes=\"(max-width: 800px) 100vw, 800px\" \/>\t\t\t\t\t\t\t\t\t\t\t\t\t\t\t<\/div>\n\t\t\t\t<\/div>\n\t\t<div class=\"elementor-element elementor-element-463f550 e-con-full e-flex e-con e-child\" data-id=\"463f550\" data-element_type=\"container\">\n\t\t\t\t<div class=\"elementor-element elementor-element-ba30727 elementor-align-right elementor-widget elementor-widget-button\" data-id=\"ba30727\" data-element_type=\"widget\" data-widget_type=\"button.default\">\n\t\t\t\t\t\t\t\t\t\t<a class=\"elementor-button elementor-button-link elementor-size-sm\" href=\"#\">\n\t\t\t\t\t\t<span class=\"elementor-button-content-wrapper\">\n\t\t\t\t\t\t\t\t\t<span class=\"elementor-button-text\">Get in Touch<\/span>\n\t\t\t\t\t<\/span>\n\t\t\t\t\t<\/a>\n\t\t\t\t\t\t\t\t<\/div>\n\t\t\t\t<\/div>\n\t\t\t\t\t<\/div>\n\t\t\t\t<\/div>\n\t\t<div class=\"elementor-element elementor-element-8a18207 e-flex e-con-boxed e-con e-parent\" data-id=\"8a18207\" data-element_type=\"container\">\n\t\t\t\t\t<div class=\"e-con-inner\">\n\t\t\t\t<div class=\"elementor-element elementor-element-08a59e2 elementor-widget__width-initial elementor-widget elementor-widget-html\" data-id=\"08a59e2\" data-element_type=\"widget\" data-widget_type=\"html.default\">\n\t\t\t\t\t<div class=\"reviewfunnel\">\r\n\r\n    <div class=\"firstbox\">\r\n        <h6>Notre objectif est de continuer \u00e0 offrir un service de premier ordre dans les meilleures conditions et vos retours peuvent nous aider \u00e0 continuer dans cette voie.<\/h6>\r\n        <h2>Dans quelle mesure \u00eates-vous satisfait de notre service ?<\/h2>\r\n\r\n        <div class=\"stars\">\r\n            <a><img decoding=\"async\" width=\"50px\" src=\"https:\/\/i.pinimg.com\/originals\/e8\/91\/66\/e891669c27c833ff0f2db2c083344117.png\" alt=\"\"><\/a>\r\n            <a><img decoding=\"async\" width=\"50px\" src=\"https:\/\/i.pinimg.com\/originals\/e8\/91\/66\/e891669c27c833ff0f2db2c083344117.png\" alt=\"\"><\/a>\r\n            <a><img decoding=\"async\" width=\"50px\" src=\"https:\/\/i.pinimg.com\/originals\/e8\/91\/66\/e891669c27c833ff0f2db2c083344117.png\" alt=\"\"><\/a>\r\n            <a><img decoding=\"async\" width=\"50px\" src=\"https:\/\/i.pinimg.com\/originals\/e8\/91\/66\/e891669c27c833ff0f2db2c083344117.png\" alt=\"\"><\/a>\r\n            <a><img decoding=\"async\" width=\"50px\" src=\"https:\/\/i.pinimg.com\/originals\/e8\/91\/66\/e891669c27c833ff0f2db2c083344117.png\" alt=\"\"><\/a>\r\n        <\/div>\r\n    <\/div>\r\n\r\n\r\n    <div class=\"positif\">\r\n        <div class=\"second\">\r\n        <h6>Les retours positifs sont la meilleure chose qui puisse nous arriver !<\/h6>\r\n        <h2>Nous serions heureux que vous nous notez !<\/h2>\r\n        <a class=\"btn\" target=\"_blank\" href=\"https:\/\/www.google.com\/search?q=ecole+expression+technology+institut&rlz=1C1ONGR_frDZ1059DZ1059&oq=ecole&gs_lcrp=EgZjaHJvbWUqBggAEEUYOzIGCAAQRRg7MgYIARBFGDkyBggCEEUYOzIGCAMQRRhAMgYIBBBFGDwyBggFEEUYPDIGCAYQRRg80gEIMjU5NGowajSoAgCwAgA&sourceid=chrome&ie=UTF-8#lrd=0x128dc81364e39175:0x16b74c6bad7a846a,3,,,,\" rel=\"noopener noreferrer nofollow\">Une note sur Google<\/a>\r\n        ou\r\n        <a class=\"btn\" target=\"_blank\" href=\"https:\/\/www.facebook.com\/ExpressionsTechnology\/reviews\" rel=\"noopener noreferrer nofollow\">Commentez sur Facebook<\/a>\r\n    <\/div>\r\n    <\/div>\r\n\r\n    <div class=\"negatif\">\r\n        <div class=\"second\">\r\n        <h2>S'il vous pla\u00eet laissez-nous des informations sur ce qui \u00e9tait bon ou pas bon !<\/h2>\r\n        <form action=\"\" data-trp-original-action=\"\">\r\n            <label for=\"message\">Message<\/label>\r\n            <textarea name=\"message\" id=\"\" cols=\"60\" rows=\"10\"><\/textarea>\r\n            <input class=\"btn\" type=\"submit\" value=\"Send\">\r\n        <input type=\"hidden\" name=\"trp-form-language\" value=\"en\"\/><\/form>\r\n    <\/div>\r\n    <\/div>\r\n\r\n\r\n    <\/div>\r\n    \r\n    <script>\r\n    const stars = document.querySelectorAll(\".stars a\");\r\nconst firstbox = document.querySelector(\".firstbox\");\r\nconst positif = document.querySelector(\".positif\");\r\nconst negatif = document.querySelector(\".negatif\");\r\n        \r\n        stars.forEach((star, idx) => {\r\n            star.addEventListener(\"click\", () => {\r\n                if(idx>=3){\r\n                    positif.style.display = \"flex\";\r\n                }else{\r\n                    negatif.style.display = \"flex\";\r\n                }\r\n\r\n                console.log(idx+1);\r\n                console.log('\u00e9toile de index a \u00e9tait cliqu\u00e9');\r\n                firstbox.style.display = \"none\";\r\n                \r\n                \r\n            });\r\n        });\r\n    <\/script>\t\t\t\t<\/div>\n\t\t\t\t\t<\/div>\n\t\t\t\t<\/div>\n\t\t\t\t<\/div>","protected":false},"excerpt":{"rendered":"<p>Contactez-Nous Notre objectif est de continuer \u00e0 offrir un service de premier ordre dans les meilleures conditions et vos retours peuvent nous aider \u00e0 continuer dans cette voie. Dans quelle mesure \u00eates-vous satisfait de notre service ? Les retours positifs sont la meilleure chose qui puisse nous arriver ! Nous serions heureux que vous nous [&hellip;]<\/p>","protected":false},"author":2,"featured_media":0,"parent":0,"menu_order":0,"comment_status":"closed","ping_status":"closed","template":"elementor_canvas","meta":{"footnotes":""},"class_list":["post-753","page","type-page","status-publish","hentry"],"_links":{"self":[{"href":"https:\/\/digitallaunch-llc.com\/en\/wp-json\/wp\/v2\/pages\/753","targetHints":{"allow":["GET"]}}],"collection":[{"href":"https:\/\/digitallaunch-llc.com\/en\/wp-json\/wp\/v2\/pages"}],"about":[{"href":"https:\/\/digitallaunch-llc.com\/en\/wp-json\/wp\/v2\/types\/page"}],"author":[{"embeddable":true,"href":"https:\/\/digitallaunch-llc.com\/en\/wp-json\/wp\/v2\/users\/2"}],"replies":[{"embeddable":true,"href":"https:\/\/digitallaunch-llc.com\/en\/wp-json\/wp\/v2\/comments?post=753"}],"version-history":[{"count":31,"href":"https:\/\/digitallaunch-llc.com\/en\/wp-json\/wp\/v2\/pages\/753\/revisions"}],"predecessor-version":[{"id":786,"href":"https:\/\/digitallaunch-llc.com\/en\/wp-json\/wp\/v2\/pages\/753\/revisions\/786"}],"wp:attachment":[{"href":"https:\/\/digitallaunch-llc.com\/en\/wp-json\/wp\/v2\/media?parent=753"}],"curies":[{"name":"wp","href":"https:\/\/api.w.org\/{rel}","templated":true}]}}