{"id":81,"date":"2023-07-27T17:35:15","date_gmt":"2023-07-27T17:35:15","guid":{"rendered":"https:\/\/digitalellipse.net\/a-propos\/"},"modified":"2024-12-09T11:22:41","modified_gmt":"2024-12-09T11:22:41","slug":"a-propos","status":"publish","type":"page","link":"https:\/\/digitallaunch-llc.com\/en\/a-propos\/","title":{"rendered":"About Us"},"content":{"rendered":"<div data-elementor-type=\"wp-page\" data-elementor-id=\"81\" class=\"elementor elementor-81\" data-elementor-post-type=\"page\">\n\t\t\t\t\t\t<section class=\"elementor-section elementor-top-section elementor-element elementor-element-38a79bcd elementor-section-height-min-height elementor-reverse-mobile elementor-section-boxed elementor-section-height-default elementor-section-items-middle\" data-id=\"38a79bcd\" data-element_type=\"section\">\n\t\t\t\t\t\t<div class=\"elementor-container elementor-column-gap-default\">\n\t\t\t\t\t<div class=\"elementor-column elementor-col-50 elementor-top-column elementor-element elementor-element-76020bf9\" data-id=\"76020bf9\" data-element_type=\"column\">\n\t\t\t<div class=\"elementor-widget-wrap elementor-element-populated\">\n\t\t\t\t\t\t<div class=\"elementor-element elementor-element-2d05bf68 elementor-invisible elementor-widget elementor-widget-image\" data-id=\"2d05bf68\" data-element_type=\"widget\" data-settings=\"{&quot;_animation&quot;:&quot;fadeInLeft&quot;}\" data-widget_type=\"image.default\">\n\t\t\t\t\t\t\t\t\t\t\t\t\t\t\t<img fetchpriority=\"high\" decoding=\"async\" width=\"900\" height=\"867\" src=\"https:\/\/digitallaunch-llc.com\/wp-content\/uploads\/2023\/10\/massi-photo-in-work.webp\" class=\"attachment-full size-full wp-image-296\" alt=\"Fondateur de Digital Ellipse\" srcset=\"https:\/\/digitallaunch-llc.com\/wp-content\/uploads\/2023\/10\/massi-photo-in-work.webp 900w, https:\/\/digitallaunch-llc.com\/wp-content\/uploads\/2023\/10\/massi-photo-in-work-600x578.webp 600w, https:\/\/digitallaunch-llc.com\/wp-content\/uploads\/2023\/10\/massi-photo-in-work-300x289.webp 300w, https:\/\/digitallaunch-llc.com\/wp-content\/uploads\/2023\/10\/massi-photo-in-work-768x740.webp 768w\" sizes=\"(max-width: 900px) 100vw, 900px\" \/>\t\t\t\t\t\t\t\t\t\t\t\t\t\t\t<\/div>\n\t\t\t\t\t<\/div>\n\t\t<\/div>\n\t\t\t\t<div class=\"elementor-column elementor-col-50 elementor-top-column elementor-element elementor-element-4ac9646b elementor-invisible\" data-id=\"4ac9646b\" data-element_type=\"column\" data-settings=\"{&quot;animation&quot;:&quot;fadeInRight&quot;,&quot;animation_delay&quot;:500}\">\n\t\t\t<div class=\"elementor-widget-wrap elementor-element-populated\">\n\t\t\t\t\t\t<div class=\"elementor-element elementor-element-5bae5cce elementor-widget elementor-widget-heading\" data-id=\"5bae5cce\" data-element_type=\"widget\" data-widget_type=\"heading.default\">\n\t\t\t\t\t<h1 class=\"elementor-heading-title elementor-size-default\">UX \/ UI Designer et\nD\u00e9veloppeur WordPress Alg\u00e9rie<\/h1>\t\t\t\t<\/div>\n\t\t\t\t<div class=\"elementor-element elementor-element-9c63fc4 elementor-widget elementor-widget-heading\" data-id=\"9c63fc4\" data-element_type=\"widget\" data-widget_type=\"heading.default\">\n\t\t\t\t\t<h4 class=\"elementor-heading-title elementor-size-default\">Fondateur de Digital Ellipse<\/h4>\t\t\t\t<\/div>\n\t\t\t\t<div class=\"elementor-element elementor-element-7b59bdc elementor-widget elementor-widget-text-editor\" data-id=\"7b59bdc\" data-element_type=\"widget\" data-widget_type=\"text-editor.default\">\n\t\t\t\t\t\t\t\t\t<p>Hello! My name is Massinissa Aitamara, I love creating, designing and developing amazing projects that move businesses forward.<\/p>\t\t\t\t\t\t\t\t<\/div>\n\t\t\t\t<div class=\"elementor-element elementor-element-fd2de25 elementor-align-left elementor-hidden-mobile elementor-widget elementor-widget-button\" data-id=\"fd2de25\" data-element_type=\"widget\" data-widget_type=\"button.default\">\n\t\t\t\t\t\t\t\t\t\t<a class=\"elementor-button elementor-button-link elementor-size-xs\" href=\"http:\/\/digitalellipse.net\/a-propos\/#hero\" id=\"lireplus\" target=\"_blank\" rel=\"noopener noreferrer nofollow\">\n\t\t\t\t\t\t<span class=\"elementor-button-content-wrapper\">\n\t\t\t\t\t\t<span class=\"elementor-button-icon\">\n\t\t\t\t<svg xmlns=\"http:\/\/www.w3.org\/2000\/svg\" width=\"26\" height=\"26\" viewbox=\"0 0 26 26\" fill=\"none\"><circle cx=\"13\" cy=\"13\" r=\"12.5\" transform=\"rotate(90 13 13)\" stroke=\"#1A1A1A\"><\/circle><path d=\"M17.9323 10.4L12.7323 15.6L7.53229 10.4\" stroke=\"#1A1A1A\" stroke-width=\"2\" stroke-linecap=\"round\"><\/path><\/svg>\t\t\t<\/span>\n\t\t\t\t\t\t\t\t\t<span class=\"elementor-button-text\">Read More<\/span>\n\t\t\t\t\t<\/span>\n\t\t\t\t\t<\/a>\n\t\t\t\t\t\t\t\t<\/div>\n\t\t\t\t\t<\/div>\n\t\t<\/div>\n\t\t\t\t\t<\/div>\n\t\t<\/section>\n\t\t\t\t<section class=\"elementor-section elementor-top-section elementor-element elementor-element-4009479b elementor-section-boxed elementor-section-height-default elementor-section-height-default\" data-id=\"4009479b\" data-element_type=\"section\" id=\"hero\">\n\t\t\t\t\t\t<div class=\"elementor-container elementor-column-gap-default\">\n\t\t\t\t\t<div class=\"elementor-column elementor-col-50 elementor-top-column elementor-element elementor-element-19bf2f3e elementor-invisible\" data-id=\"19bf2f3e\" data-element_type=\"column\" data-settings=\"{&quot;animation&quot;:&quot;fadeInLeft&quot;,&quot;animation_delay&quot;:500}\">\n\t\t\t<div class=\"elementor-widget-wrap elementor-element-populated\">\n\t\t\t\t\t\t<div class=\"elementor-element elementor-element-7706a6e elementor-widget elementor-widget-heading\" data-id=\"7706a6e\" data-element_type=\"widget\" data-widget_type=\"heading.default\">\n\t\t\t\t\t<h1 class=\"elementor-heading-title elementor-size-default\">About The Founder<\/h1>\t\t\t\t<\/div>\n\t\t\t\t<div class=\"elementor-element elementor-element-1e6b6270 elementor-widget elementor-widget-text-editor\" data-id=\"1e6b6270\" data-element_type=\"widget\" data-widget_type=\"text-editor.default\">\n\t\t\t\t\t\t\t\t\t<p>Graduated in Computer Science at UMMTO Tizi-Ouzou. Ever since I was a child, I have always had a passion for technology and art and it has allowed me to develop in what I love to do.<\/p><p>Webdesigner depuis plus de 5 ann\u00e9es \u00e0 d\u00e9velopper des sites Web et les images des entreprises. et maintenant fondateur d&rsquo;une \u00e9quipe de personnes exp\u00e9riment\u00e9 qui d\u00e9livre les meilleurs r\u00e9sultats.\u00a0<\/p><p>Ensuite formateur dans le domaine, je transmet mon savoir et exp\u00e9rience aux autres afin de les aider \u00e0 se d\u00e9velopper plus rapidement dans le d\u00e9veloppement de site Web.<\/p><p>Comme principe je n&rsquo;arr\u00eate jamais d&rsquo;apprendre dans toutes les sources fascinantes sur les meilleures pratiques de conception et l\u2019art du design.<\/p><p>As a person, I always try to have a positive and ego-free approach in all aspects of my life and I have learned to welcome feedback and criticism with open arms, I carry a strong work ethic and an enormous importance to honesty.<\/p>\t\t\t\t\t\t\t\t<\/div>\n\t\t\t\t\t<\/div>\n\t\t<\/div>\n\t\t\t\t<div class=\"elementor-column elementor-col-50 elementor-top-column elementor-element elementor-element-5845f6e9 elementor-invisible\" data-id=\"5845f6e9\" data-element_type=\"column\" data-settings=\"{&quot;animation&quot;:&quot;fadeInRight&quot;}\">\n\t\t\t<div class=\"elementor-widget-wrap elementor-element-populated\">\n\t\t\t\t\t\t<div class=\"elementor-element elementor-element-2c61e06 elementor-widget elementor-widget-video\" data-id=\"2c61e06\" data-element_type=\"widget\" data-settings=\"{&quot;video_type&quot;:&quot;hosted&quot;,&quot;autoplay&quot;:&quot;yes&quot;,&quot;mute&quot;:&quot;yes&quot;,&quot;loop&quot;:&quot;yes&quot;}\" data-widget_type=\"video.default\">\n\t\t\t\t\t\t\t<div class=\"e-hosted-video elementor-wrapper elementor-open-inline\">\n\t\t\t\t\t<video class=\"elementor-video\" src=\"https:\/\/digitallaunch-llc.com\/wp-content\/uploads\/2024\/03\/20231028_102736.mp4\" autoplay=\"\" loop=\"\" muted=\"muted\" controlslist=\"nodownload\"><\/video>\n\t\t\t\t<\/div>\n\t\t\t\t\t\t<\/div>\n\t\t\t\t\t<\/div>\n\t\t<\/div>\n\t\t\t\t\t<\/div>\n\t\t<\/section>\n\t\t\t\t<section class=\"elementor-section elementor-top-section elementor-element elementor-element-2c6c2413 elementor-section-height-min-height elementor-section-boxed elementor-section-height-default elementor-section-items-middle\" data-id=\"2c6c2413\" data-element_type=\"section\" data-settings=\"{&quot;background_background&quot;:&quot;classic&quot;}\">\n\t\t\t\t\t\t<div class=\"elementor-container elementor-column-gap-default\">\n\t\t\t\t\t<div class=\"elementor-column elementor-col-100 elementor-top-column elementor-element elementor-element-526de2a2\" data-id=\"526de2a2\" data-element_type=\"column\">\n\t\t\t<div class=\"elementor-widget-wrap elementor-element-populated\">\n\t\t\t\t\t\t<div class=\"elementor-element elementor-element-6bd48e68 elementor-invisible elementor-widget elementor-widget-heading\" data-id=\"6bd48e68\" data-element_type=\"widget\" data-settings=\"{&quot;_animation&quot;:&quot;fadeInUp&quot;}\" data-widget_type=\"heading.default\">\n\t\t\t\t\t<h5 class=\"elementor-heading-title elementor-size-default\">Need a powerful website?<\/h5>\t\t\t\t<\/div>\n\t\t\t\t<div class=\"elementor-element elementor-element-1df6e08f elementor-invisible elementor-widget elementor-widget-heading\" data-id=\"1df6e08f\" data-element_type=\"widget\" data-settings=\"{&quot;_animation&quot;:&quot;fadeInUp&quot;,&quot;_animation_delay&quot;:800}\" data-widget_type=\"heading.default\">\n\t\t\t\t\t<h2 class=\"elementor-heading-title elementor-size-default\">Come on, let's talk about it!<\/h2>\t\t\t\t<\/div>\n\t\t\t\t<section class=\"elementor-section elementor-inner-section elementor-element elementor-element-53e33050 elementor-section-boxed elementor-section-height-default elementor-section-height-default elementor-invisible\" data-id=\"53e33050\" data-element_type=\"section\" data-settings=\"{&quot;animation&quot;:&quot;fadeInUp&quot;,&quot;animation_delay&quot;:1000}\">\n\t\t\t\t\t\t<div class=\"elementor-container elementor-column-gap-default\">\n\t\t\t\t\t<div class=\"elementor-column elementor-col-50 elementor-inner-column elementor-element elementor-element-2e936877\" data-id=\"2e936877\" data-element_type=\"column\">\n\t\t\t<div class=\"elementor-widget-wrap elementor-element-populated\">\n\t\t\t\t\t\t<div class=\"elementor-element elementor-element-2cecae76 elementor-align-right elementor-widget elementor-widget-button\" data-id=\"2cecae76\" data-element_type=\"widget\" data-widget_type=\"button.default\">\n\t\t\t\t\t\t\t\t\t\t<a class=\"elementor-button elementor-button-link elementor-size-sm\" href=\"http:\/\/wa.me\/213559489424\" target=\"_blank\" rel=\"noopener noreferrer nofollow\">\n\t\t\t\t\t\t<span class=\"elementor-button-content-wrapper\">\n\t\t\t\t\t\t\t\t\t<span class=\"elementor-button-text\">Schedule a Call<\/span>\n\t\t\t\t\t<\/span>\n\t\t\t\t\t<\/a>\n\t\t\t\t\t\t\t\t<\/div>\n\t\t\t\t\t<\/div>\n\t\t<\/div>\n\t\t\t\t<div class=\"elementor-column elementor-col-50 elementor-inner-column elementor-element elementor-element-1dc73535\" data-id=\"1dc73535\" data-element_type=\"column\">\n\t\t\t<div class=\"elementor-widget-wrap elementor-element-populated\">\n\t\t\t\t\t\t<div class=\"elementor-element elementor-element-6a958841 elementor-align-left elementor-widget elementor-widget-button\" data-id=\"6a958841\" data-element_type=\"widget\" data-widget_type=\"button.default\">\n\t\t\t\t\t\t\t\t\t\t<a class=\"elementor-button elementor-button-link elementor-size-sm\" href=\"mailto:contact@digitalellipse.net\">\n\t\t\t\t\t\t<span class=\"elementor-button-content-wrapper\">\n\t\t\t\t\t\t\t\t\t<span class=\"elementor-button-text\">Send an Email<\/span>\n\t\t\t\t\t<\/span>\n\t\t\t\t\t<\/a>\n\t\t\t\t\t\t\t\t<\/div>\n\t\t\t\t\t<\/div>\n\t\t<\/div>\n\t\t\t\t\t<\/div>\n\t\t<\/section>\n\t\t\t\t\t<\/div>\n\t\t<\/div>\n\t\t\t\t\t<\/div>\n\t\t<\/section>\n\t\t\t\t<\/div>","protected":false},"excerpt":{"rendered":"<p>UX \/ UI Designer et D\u00e9veloppeur WordPress Alg\u00e9rie Fondateur de Digital Ellipse Re-salut! Je m&rsquo;appelle Massinissa Aitamara, j&rsquo;adore cr\u00e9er, concevoir et d\u00e9velopper des projets \u00e9poustouflants qui font avancer les entreprises. Lire plus \u00c0 propos de moi Dipl\u00f4m\u00e9 en Informatique \u00e0 l\u2019UMMTO Tizi-Ouzou. Depuis petit j\u2019ai toujours eu une passion pour la technologie et l\u2019art et [&hellip;]<\/p>","protected":false},"author":2,"featured_media":0,"parent":0,"menu_order":0,"comment_status":"closed","ping_status":"closed","template":"elementor_header_footer","meta":{"footnotes":""},"class_list":["post-81","page","type-page","status-publish","hentry"],"_links":{"self":[{"href":"https:\/\/digitallaunch-llc.com\/en\/wp-json\/wp\/v2\/pages\/81","targetHints":{"allow":["GET"]}}],"collection":[{"href":"https:\/\/digitallaunch-llc.com\/en\/wp-json\/wp\/v2\/pages"}],"about":[{"href":"https:\/\/digitallaunch-llc.com\/en\/wp-json\/wp\/v2\/types\/page"}],"author":[{"embeddable":true,"href":"https:\/\/digitallaunch-llc.com\/en\/wp-json\/wp\/v2\/users\/2"}],"replies":[{"embeddable":true,"href":"https:\/\/digitallaunch-llc.com\/en\/wp-json\/wp\/v2\/comments?post=81"}],"version-history":[{"count":52,"href":"https:\/\/digitallaunch-llc.com\/en\/wp-json\/wp\/v2\/pages\/81\/revisions"}],"predecessor-version":[{"id":1399,"href":"https:\/\/digitallaunch-llc.com\/en\/wp-json\/wp\/v2\/pages\/81\/revisions\/1399"}],"wp:attachment":[{"href":"https:\/\/digitallaunch-llc.com\/en\/wp-json\/wp\/v2\/media?parent=81"}],"curies":[{"name":"wp","href":"https:\/\/api.w.org\/{rel}","templated":true}]}}